{"id":36,"date":"2017-02-11T13:10:18","date_gmt":"2017-02-11T13:10:18","guid":{"rendered":"https:\/\/xcloset.pt\/?page_id=36"},"modified":"2017-02-11T13:10:18","modified_gmt":"2017-02-11T13:10:18","slug":"contacto","status":"publish","type":"page","link":"https:\/\/xcloset.pt\/?page_id=36","title":{"rendered":"Contacto"},"content":{"rendered":"<p>Desde j\u00e1 agradecemos o seu contacto.<\/p>\n<div data-test='contact-form'\n\t\t\tid='contact-form-36'\n\t\t\tclass='jetpack-contact-form-container '\n\t\t\tdata-wp-interactive='jetpack\/form' data-wp-context='{\"formId\":\"36\",\"formHash\":\"95b6633dd53e87877f1e601234999611d689dbe1\",\"showErrors\":false,\"errors\":[],\"fields\":[],\"isMultiStep\":false,\"useAjax\":true,\"submissionData\":null,\"formattedSubmissionData\":[],\"submissionSuccess\":false,\"submissionError\":null,\"elementId\":\"jp-form-95b6633dd53e87877f1e601234999611d689dbe1\",\"isSingleInputForm\":false,\"isForcedHorizontal\":false}'\n\t\t\tdata-wp-watch--scroll-to-wrapper=\"callbacks.scrollToWrapper\"\n\t\t>\n<div class=\"contact-form-submission contact-form-ajax-submission\" data-wp-bind--aria-hidden=\"state.isSuccessMessageAriaHidden\" data-wp-class--submission-success=\"context.submissionSuccess\" id=\"contact-form-success-95b6633dd53e87877f1e601234999611d689dbe1\" tabindex=\"-1\" aria-labelledby=\"contact-form-success-header-95b6633dd53e87877f1e601234999611d689dbe1\"><p class=\"go-back-message\"><a class=\"link\" role=\"button\" tabindex=\"0\" data-wp-on--click=\"actions.goBack\" href=\"\/index.php?rest_route=%2Fwp%2Fv2%2Fpages%2F36\">\u2190 Back<\/a><\/p><h4 data-wp-bind--aria-hidden=\"state.isSuccessMessageAriaHidden\" id=\"contact-form-success-header-95b6633dd53e87877f1e601234999611d689dbe1\">Your message has been sent<\/h4>\n\n<template data-wp-each--submission=\"context.formattedSubmissionData\">\n\t\t\t\t\t<div class=\"jetpack_forms_contact-form-success-summary\">\n\t\t\t\t\t\t<div class=\"field-name-wrapper\">\n\t\t\t\t\t\t\t<div class=\"field-type-icon\" data-wp-watch=\"callbacks.watchFieldTypeIcon\"><\/div>\n\t\t\t\t\t\t\t<div class=\"field-name\" data-wp-text=\"context.submission.label\" data-wp-bind--hidden=\"!context.submission.label\"><\/div>\n\t\t\t\t\t\t<\/div>\n\t\t\t\t\t\t<div class=\"field-value\" data-wp-text=\"context.submission.value\" data-wp-bind--hidden=\"!context.submission.showPlainValue\"><\/div>\n\t\t\t\t\t\t<a class=\"field-url\" data-wp-bind--href=\"context.submission.url\" data-wp-text=\"context.submission.value\" data-wp-bind--hidden=\"!context.submission.url\" target=\"_blank\" rel=\"noopener noreferrer\"><\/a>\n\t\t\t\t\t\t<div class=\"field-rating\" data-wp-bind--hidden=\"!context.submission.rating\" data-wp-watch=\"callbacks.watchRatingIcons\"><\/div>\n\t\t\t\t\t\t<div class=\"field-images\" data-wp-bind--hidden=\"!context.submission.images\">\n\t\t\t\t\t\t\t<template data-wp-each--image=\"context.submission.images\">\n\t\t\t\t\t\t\t\t<div class=\"field-image-option\" data-wp-class--is-empty=\"!context.image.src\">\n\t\t\t\t\t\t\t\t\t<figure class=\"field-image-option__image\" data-wp-class--is-empty=\"!context.image.src\">\n\t\t\t\t\t\t\t\t\t\t<img data-wp-bind--src=\"context.image.src\" data-wp-bind--hidden=\"!context.image.src\" \/>\n\t\t\t\t\t\t\t\t\t\t<img decoding=\"async\" src=\"data:image\/gif;base64,R0lGODlhAQABAAD\/ACwAAAAAAQABAAACADs=\" data-wp-bind--hidden=\"context.image.src\" \/>\n\t\t\t\t\t\t\t\t\t<\/figure>\n\t\t\t\t\t\t\t\t\t<div class=\"field-image-option__label-wrapper\">\n\t\t\t\t\t\t\t\t\t\t<span class=\"field-image-option__label-code\" data-wp-text=\"context.image.letterCode\"><\/span>\n\t\t\t\t\t\t\t\t\t\t<span class=\"field-image-option__label\" data-wp-text=\"context.image.label\" data-wp-bind--hidden=\"!context.image.label\"><\/span>\n\t\t\t\t\t\t\t\t\t<\/div>\n\t\t\t\t\t\t\t\t<\/div>\n\t\t\t\t\t\t\t<\/template>\n\t\t\t\t\t\t<\/div>\n\t\t\t\t\t\t<div class=\"field-files\" data-wp-bind--hidden=\"!context.submission.files\">\n\t\t\t\t\t\t\t<template data-wp-each--file=\"context.submission.files\">\n\t\t\t\t\t\t\t\t<div class=\"field-file\">\n\t\t\t\t\t\t\t\t\t<div class=\"field-file__thumbnail\" data-wp-style--background-image=\"context.file.previewUrl\" data-wp-style--mask-image=\"context.file.iconUrl\" data-wp-bind--hidden=\"!context.file.hasPreview\"><\/div>\n\t\t\t\t\t\t\t\t\t<svg class=\"field-file__icon\" data-wp-bind--hidden=\"context.file.hasPreview\" width=\"20\" height=\"20\" viewBox=\"0 0 24 24\" fill=\"none\" xmlns=\"http:\/\/www.w3.org\/2000\/svg\" aria-hidden=\"true\">\n\t\t\t\t\t\t\t\t\t\t<path d=\"M14 2H6C4.9 2 4 2.9 4 4V20C4 21.1 4.89 22 5.99 22H18C19.1 22 20 21.1 20 20V8L14 2ZM18 20H6V4H13V9H18V20Z\" fill=\"currentColor\"\/>\n\t\t\t\t\t\t\t\t\t<\/svg>\n\t\t\t\t\t\t\t\t\t<span class=\"field-file__name\" data-wp-text=\"context.file.name\"><\/span>\n\t\t\t\t\t\t\t\t\t<span class=\"field-file__size\" data-wp-text=\"context.file.size\"><\/span>\n\t\t\t\t\t\t\t\t<\/div>\n\t\t\t\t\t\t\t<\/template>\n\t\t\t\t\t\t<\/div>\n\t\t\t\t\t<\/div>\n\t\t\t\t<\/template><\/div><form action='https:\/\/xcloset.pt\/?page_id=36'\n\t\t\t\tid='jp-form-95b6633dd53e87877f1e601234999611d689dbe1'\n\t\t\t\tmethod='post'\n\t\t\t\tclass='contact-form commentsblock jetpack-contact-form__form has-no-jetpack-form-layout' aria-label=\"Contacto\"\n\t\t\t\tdata-wp-on--submit=\"actions.onFormSubmit\"\n\t\t\t\tdata-wp-on--reset=\"actions.onFormReset\"\n\t\t\t\tdata-wp-class--submission-success=\"context.submissionSuccess\"\n\t\t\t\tdata-wp-class--is-first-step=\"state.isFirstStep\"\n\t\t\t\tdata-wp-class--is-last-step=\"state.isLastStep\"\n\t\t\t\tdata-wp-class--is-ajax-form=\"context.useAjax\"\n\t\t\t\tnovalidate >\n<input type='hidden' name='jetpack_contact_form_jwt' value='eyJ0eXAiOiJKV1QiLCJhbGciOiJIUzI1NiJ9.eyJlbmNyeXB0ZWRfYXR0cmlidXRlcyI6IkJ3ZnBJMzRwa0JjZVlvL0ZwWjhvSFRhenNvbk9ianoza3FlSUlKczZ0TmVQR2F4RmxJNWlPd0p6R1Z3WjlySU1zTkE1QUp6d0dhbUNMTUZHUFR1T3NveFd4bE9GeGpObkp1YW5MS29DYnozcnpSY2w3TmJoYmQ0NldLYjdiM0RDODF0SHBpYTAvNjBnY3MraUNHQkFkUDhKUlNVcUV2VW1TMTkwekJXL3oyZkNSYVhWSzdQQzUxdGZzVkhJOHhPeGNlN0NKZVNTaEtuRUJBSnk4RnkwOEMrNCtud1JKaVZBMUNBU2lLWVRvWitjbHFTN1RaeHBocEJablRlYTlrQXVGdlk1M1AyZkRWWmlRN3BXcktBRGlWNmZoNjFXbml5UmdiVStVVGVLT3dRSGxucEROcFZZTCtxSWlPOCt2SjhNLzkvY0kzT2xpcXVpdVdVZE0vc2VTMHc4UzdpTEJOU09INll2cG96Y1E4ZE9IUXJzdmJhb20xZUxxUEVBQ0ZGNFJYM2JvcXQwUkNCdllranprc0o3RWhLcm0ydVNPM2VCaVNnVXRxMytJK0FhSWd1akg5QUJ0Y0hCenRkZWRlNHdiYU43VzZYeFRLSTZScHJ4NGJrUkhGSzltdkJ6Y0VHbXdyVE05M3VpN1B5N2owWlJ6TEhqeHVVNEIvaUFCL1VaSEF2SmdoQ3FJWUNCOXNEc2N3ZXI0UzRwRkErVlY2UlovTldiZEtTQVBtcXlOVmFjOTlZWHV5K0JJM1FmbVhkam94NUs3Y0VUZkFnSnAyM0RJQ1loUGVRSzRlSVJmNElYV29RczZCcnV5WkxLdW5wZlB2UWN4SEJDK3FTTVc3Smx4emlhenZnOXF1VnBnVE9EWUVqeS8reEVDcWt2WU1KNVpyeFY5TWMxV0l4MTBwQlFyT0Rlc3lkNmhhbnE5Q0w1c2J0ZSszcC9HYk93QlV0ODBYVUh0NlZaY2FmWDAyVE1EMmw4dE9kOHBCeE0yMmc2UGNiaHRpUEpaOWRvWDRZWmxrU0tOZkJLT3VBb0RDVXd0YkJBUmdDR1ZTUGdLVFVlQlFxOVJ6OXFYTTRkcy93YWRZbVpkWUM4ZHIxbkswaFFDdW1BR2xFY0owMGVDRzI0dDlGVTNENjJsd084d25TV3ZDSFRXREplbTREY25jQkZUa1d6RTlwNVZiMEMxZ1BSUUlySmZrK2M1NzdWM0JwWDBseENTbHh1SkRXUzExd1AvelorZHk4WGJyYWxSUWc9IiwiY29udGVudCI6Iltjb250YWN0LWZpZWxkIGxhYmVsPSdOb21lJyB0eXBlPSduYW1lJyByZXF1aXJlZD0nMScvXVtjb250YWN0LWZpZWxkIGxhYmVsPSdFbWFpbCcgdHlwZT0nZW1haWwnIHJlcXVpcmVkPScxJy9dW2NvbnRhY3QtZmllbGQgbGFiZWw9J0Fzc3VudG8nIHR5cGU9J3VybCcvXVtjb250YWN0LWZpZWxkIGxhYmVsPSdDb21lbnRcdTAwZTFyaW8nIHR5cGU9J3RleHRhcmVhJyByZXF1aXJlZD0nMScvXSIsImhhc2giOiI5NWI2NjMzZGQ1M2U4Nzg3N2YxZTYwMTIzNDk5OTYxMWQ2ODlkYmUxIiwic291cmNlIjp7ImVudHJ5X3RpdGxlIjoiQ29udGFjdG8iLCJlbnRyeV9wYWdlIjoxLCJzb3VyY2VfaWQiOjM2LCJzb3VyY2VfdHlwZSI6InNpbmdsZSIsInJlcXVlc3RfdXJsIjoiaHR0cHM6Ly94Y2xvc2V0LnB0In0sInZlcnNpb24iOjIsImNpcGhlciI6ImFlcy0yNTYtZ2NtIn0.0ob5vtoJA0MePfFUCE5nOmzBt-U2StLMLHaFcjdMTpA' \/>\n\n<div style=\"\"  data-wp-interactive=\"jetpack\/form\" data-wp-context='{\"fieldId\":\"g36-nome\",\"fieldType\":\"name\",\"fieldLabel\":\"Nome\",\"fieldValue\":\"\",\"fieldPlaceholder\":\"\",\"fieldIsRequired\":\"1\",\"fieldErrorMessage\":\"\",\"fieldExtra\":[],\"formHash\":\"95b6633dd53e87877f1e601234999611d689dbe1\"}'  class='grunion-field-name-wrap grunion-field-wrap'  data-wp-init='callbacks.initializeField' data-wp-on--jetpack-form-reset='callbacks.initializeField' >\n<label\n\t\t\t\tfor='g36-nome' class=\"grunion-field-label name\" >Nome<span class=\"grunion-label-required\" aria-hidden=\"true\">(required)<\/span><\/label>\n<input\n\t\t\t\t\ttype='text'\n\t\t\t\t\tname='g36-nome'\n\t\t\t\t\tid='g36-nome'\n\t\t\t\t\tvalue=''\n\n\t\t\t\t\tdata-wp-bind--aria-invalid='state.fieldAriaInvalid'\n\t\t\t\t\tdata-wp-bind--value='state.getFieldValue'\n\t\t\t\t\taria-describedby='g36-nome-text-error-message'\n\t\t\t\t\tdata-wp-on--input='actions.onFieldChange'\n\t\t\t\t\tdata-wp-on--blur='actions.onFieldBlur'\n\t\t\t\t\tdata-wp-class--has-value='state.hasFieldValue'\n\n\t\t\t\t\tclass='name  grunion-field' \n\t\t\t\t\trequired='true' aria-required='true'  \/>\n \n\t\t\t<div id=\"g36-nome-text-error\" class=\"contact-form__input-error\" data-wp-class--has-errors=\"state.fieldHasErrors\">\n\t\t\t\t<span class=\"contact-form__warning-icon\" aria-hidden=\"true\">\n\t\t\t\t\t<svg width=\"16\" height=\"16\" viewBox=\"0 0 16 16\" fill=\"none\" xmlns=\"http:\/\/www.w3.org\/2000\/svg\">\n\t\t\t\t\t\t<path d=\"M8.50015 11.6402H7.50015V10.6402H8.50015V11.6402Z\" \/>\n\t\t\t\t\t\t<path d=\"M7.50015 9.64018H8.50015V6.30684H7.50015V9.64018Z\" \/>\n\t\t\t\t\t\t<path fill-rule=\"evenodd\" clip-rule=\"evenodd\" d=\"M6.98331 3.0947C7.42933 2.30177 8.57096 2.30177 9.01698 3.09469L13.8771 11.7349C14.3145 12.5126 13.7525 13.4735 12.8602 13.4735H3.14004C2.24774 13.4735 1.68575 12.5126 2.12321 11.7349L6.98331 3.0947ZM8.14541 3.58496C8.08169 3.47168 7.9186 3.47168 7.85488 3.58496L2.99478 12.2251C2.93229 12.3362 3.01257 12.4735 3.14004 12.4735H12.8602C12.9877 12.4735 13.068 12.3362 13.0055 12.2251L8.14541 3.58496Z\" \/>\n\t\t\t\t\t<\/svg>\n\t\t\t\t<\/span>\n\t\t\t\t<span data-wp-text=\"state.errorMessage\" id=\"g36-nome-text-error-message\"><\/span>\n\t\t\t<\/div> \n\t<\/div>\n\n<div style=\"\"  data-wp-interactive=\"jetpack\/form\" data-wp-context='{\"fieldId\":\"g36-email\",\"fieldType\":\"email\",\"fieldLabel\":\"Email\",\"fieldValue\":\"\",\"fieldPlaceholder\":\"\",\"fieldIsRequired\":\"1\",\"fieldErrorMessage\":\"\",\"fieldExtra\":[],\"formHash\":\"95b6633dd53e87877f1e601234999611d689dbe1\"}'  class='grunion-field-email-wrap grunion-field-wrap'  data-wp-init='callbacks.initializeField' data-wp-on--jetpack-form-reset='callbacks.initializeField' >\n<label\n\t\t\t\tfor='g36-email' class=\"grunion-field-label email\" >Email<span class=\"grunion-label-required\" aria-hidden=\"true\">(required)<\/span><\/label>\n<input\n\t\t\t\t\ttype='email'\n\t\t\t\t\tname='g36-email'\n\t\t\t\t\tid='g36-email'\n\t\t\t\t\tvalue=''\n\n\t\t\t\t\tdata-wp-bind--aria-invalid='state.fieldAriaInvalid'\n\t\t\t\t\tdata-wp-bind--value='state.getFieldValue'\n\t\t\t\t\taria-describedby='g36-email-email-error-message'\n\t\t\t\t\tdata-wp-on--input='actions.onFieldChange'\n\t\t\t\t\tdata-wp-on--blur='actions.onFieldBlur'\n\t\t\t\t\tdata-wp-class--has-value='state.hasFieldValue'\n\n\t\t\t\t\tclass='email  grunion-field' \n\t\t\t\t\trequired='true' aria-required='true'  \/>\n \n\t\t\t<div id=\"g36-email-email-error\" class=\"contact-form__input-error\" data-wp-class--has-errors=\"state.fieldHasErrors\">\n\t\t\t\t<span class=\"contact-form__warning-icon\" aria-hidden=\"true\">\n\t\t\t\t\t<svg width=\"16\" height=\"16\" viewBox=\"0 0 16 16\" fill=\"none\" xmlns=\"http:\/\/www.w3.org\/2000\/svg\">\n\t\t\t\t\t\t<path d=\"M8.50015 11.6402H7.50015V10.6402H8.50015V11.6402Z\" \/>\n\t\t\t\t\t\t<path d=\"M7.50015 9.64018H8.50015V6.30684H7.50015V9.64018Z\" \/>\n\t\t\t\t\t\t<path fill-rule=\"evenodd\" clip-rule=\"evenodd\" d=\"M6.98331 3.0947C7.42933 2.30177 8.57096 2.30177 9.01698 3.09469L13.8771 11.7349C14.3145 12.5126 13.7525 13.4735 12.8602 13.4735H3.14004C2.24774 13.4735 1.68575 12.5126 2.12321 11.7349L6.98331 3.0947ZM8.14541 3.58496C8.08169 3.47168 7.9186 3.47168 7.85488 3.58496L2.99478 12.2251C2.93229 12.3362 3.01257 12.4735 3.14004 12.4735H12.8602C12.9877 12.4735 13.068 12.3362 13.0055 12.2251L8.14541 3.58496Z\" \/>\n\t\t\t\t\t<\/svg>\n\t\t\t\t<\/span>\n\t\t\t\t<span data-wp-text=\"state.errorMessage\" id=\"g36-email-email-error-message\"><\/span>\n\t\t\t<\/div> \n\t<\/div>\n\n<div style=\"\"  data-wp-interactive=\"jetpack\/form\" data-wp-context='{\"fieldId\":\"g36-assunto\",\"fieldType\":\"url\",\"fieldLabel\":\"Assunto\",\"fieldValue\":\"\",\"fieldPlaceholder\":\"\",\"fieldIsRequired\":\"\",\"fieldErrorMessage\":\"\",\"fieldExtra\":[],\"formHash\":\"95b6633dd53e87877f1e601234999611d689dbe1\"}'  class='grunion-field-url-wrap grunion-field-wrap'  data-wp-init='callbacks.initializeField' data-wp-on--jetpack-form-reset='callbacks.initializeField' >\n<label\n\t\t\t\tfor='g36-assunto' class=\"grunion-field-label url\" >Assunto<\/label>\n<input\n\t\t\t\t\ttype='text'\n\t\t\t\t\tname='g36-assunto'\n\t\t\t\t\tid='g36-assunto'\n\t\t\t\t\tvalue=''\n\n\t\t\t\t\tdata-wp-bind--aria-invalid='state.fieldAriaInvalid'\n\t\t\t\t\tdata-wp-bind--value='state.getFieldValue'\n\t\t\t\t\taria-describedby='g36-assunto-text-error-message'\n\t\t\t\t\tdata-wp-on--input='actions.onFieldChange'\n\t\t\t\t\tdata-wp-on--blur='actions.onFieldBlur'\n\t\t\t\t\tdata-wp-class--has-value='state.hasFieldValue'\n\n\t\t\t\t\tclass='url  grunion-field' \n\t\t\t\t\t \/>\n \n\t\t\t<div id=\"g36-assunto-text-error\" class=\"contact-form__input-error\" data-wp-class--has-errors=\"state.fieldHasErrors\">\n\t\t\t\t<span class=\"contact-form__warning-icon\" aria-hidden=\"true\">\n\t\t\t\t\t<svg width=\"16\" height=\"16\" viewBox=\"0 0 16 16\" fill=\"none\" xmlns=\"http:\/\/www.w3.org\/2000\/svg\">\n\t\t\t\t\t\t<path d=\"M8.50015 11.6402H7.50015V10.6402H8.50015V11.6402Z\" \/>\n\t\t\t\t\t\t<path d=\"M7.50015 9.64018H8.50015V6.30684H7.50015V9.64018Z\" \/>\n\t\t\t\t\t\t<path fill-rule=\"evenodd\" clip-rule=\"evenodd\" d=\"M6.98331 3.0947C7.42933 2.30177 8.57096 2.30177 9.01698 3.09469L13.8771 11.7349C14.3145 12.5126 13.7525 13.4735 12.8602 13.4735H3.14004C2.24774 13.4735 1.68575 12.5126 2.12321 11.7349L6.98331 3.0947ZM8.14541 3.58496C8.08169 3.47168 7.9186 3.47168 7.85488 3.58496L2.99478 12.2251C2.93229 12.3362 3.01257 12.4735 3.14004 12.4735H12.8602C12.9877 12.4735 13.068 12.3362 13.0055 12.2251L8.14541 3.58496Z\" \/>\n\t\t\t\t\t<\/svg>\n\t\t\t\t<\/span>\n\t\t\t\t<span data-wp-text=\"state.errorMessage\" id=\"g36-assunto-text-error-message\"><\/span>\n\t\t\t<\/div> \n\t<\/div>\n\n<div style=\"\"  data-wp-interactive=\"jetpack\/form\" data-wp-context='{\"fieldId\":\"g36-comentrio\",\"fieldType\":\"textarea\",\"fieldLabel\":\"Coment\\u00e1rio\",\"fieldValue\":\"\",\"fieldPlaceholder\":\"\",\"fieldIsRequired\":\"1\",\"fieldErrorMessage\":\"\",\"fieldExtra\":[],\"formHash\":\"95b6633dd53e87877f1e601234999611d689dbe1\"}'  class='grunion-field-textarea-wrap grunion-field-wrap'  data-wp-init='callbacks.initializeField' data-wp-on--jetpack-form-reset='callbacks.initializeField' >\n<label\n\t\t\t\tfor='contact-form-comment-g36-comentrio' class=\"grunion-field-label textarea\" >Coment\u00e1rio<span class=\"grunion-label-required\" aria-hidden=\"true\">(required)<\/span><\/label>\n<textarea\n\t\t                style=''\n\t\t                name='g36-comentrio'\n\t\t                id='contact-form-comment-g36-comentrio'\n\t\t                rows='20'\n\t\t\t\t\t\tdata-wp-text='state.getFieldValue'\n\t\t\t\t\t\tdata-wp-on--input='actions.onFieldChange'\n\t\t\t\t\t\tdata-wp-on--blur='actions.onFieldBlur'\n\t\t\t\t\t\tdata-wp-class--has-value='state.hasFieldValue'\n\t\t\t\t\t\taria-describedby='g36-comentrio-textarea-error-message'\n\t\t\t\t\t\tdata-wp-bind--aria-invalid='state.fieldAriaInvalid'\n\t\t\t\t\t\tclass='textarea  grunion-field'  required aria-required='true'><\/textarea>\n \n\t\t\t<div id=\"g36-comentrio-textarea-error\" class=\"contact-form__input-error\" data-wp-class--has-errors=\"state.fieldHasErrors\">\n\t\t\t\t<span class=\"contact-form__warning-icon\" aria-hidden=\"true\">\n\t\t\t\t\t<svg width=\"16\" height=\"16\" viewBox=\"0 0 16 16\" fill=\"none\" xmlns=\"http:\/\/www.w3.org\/2000\/svg\">\n\t\t\t\t\t\t<path d=\"M8.50015 11.6402H7.50015V10.6402H8.50015V11.6402Z\" \/>\n\t\t\t\t\t\t<path d=\"M7.50015 9.64018H8.50015V6.30684H7.50015V9.64018Z\" \/>\n\t\t\t\t\t\t<path fill-rule=\"evenodd\" clip-rule=\"evenodd\" d=\"M6.98331 3.0947C7.42933 2.30177 8.57096 2.30177 9.01698 3.09469L13.8771 11.7349C14.3145 12.5126 13.7525 13.4735 12.8602 13.4735H3.14004C2.24774 13.4735 1.68575 12.5126 2.12321 11.7349L6.98331 3.0947ZM8.14541 3.58496C8.08169 3.47168 7.9186 3.47168 7.85488 3.58496L2.99478 12.2251C2.93229 12.3362 3.01257 12.4735 3.14004 12.4735H12.8602C12.9877 12.4735 13.068 12.3362 13.0055 12.2251L8.14541 3.58496Z\" \/>\n\t\t\t\t\t<\/svg>\n\t\t\t\t<\/span>\n\t\t\t\t<span data-wp-text=\"state.errorMessage\" id=\"g36-comentrio-textarea-error-message\"><\/span>\n\t\t\t<\/div>\n\t<\/div>\n\t<p class='contact-submit'>\n<div class=\"contact-form__error\" data-wp-class--show-errors=\"state.showFormErrors\"><span class=\"contact-form__warning-icon\" aria-hidden=\"true\"><i><\/i><\/span><span class=\"contact-form__error-message\" tabindex=\"-1\" data-wp-watch=\"callbacks.focusOnValidationError\" data-wp-text=\"state.getFormErrorMessage\"><\/span><ul aria-label=\"Form errors\">\n\t\t\t\t<template data-wp-each=\"state.getErrorList\" data-wp-key=\"context.item.id\">\n\t\t\t\t\t<li><a data-wp-bind--href=\"context.item.anchor\" data-wp-on--click=\"actions.scrollIntoView\" data-wp-text=\"context.item.label\"><\/a><\/li>\n\t\t\t\t<\/template>\n\t\t\t\t<\/ul><\/div><div class=\"contact-form__error\" data-wp-class--show-errors=\"state.showSubmissionError\" data-wp-text=\"context.submissionError\" tabindex=\"-1\" data-wp-watch=\"callbacks.focusOnSubmissionError\"><\/div>\t\t<button type='submit' class='pushbutton-wide'>Submit<\/button>\t\t<input type='hidden' name='contact-form-id' value='36' \/>\n\t\t<input type='hidden' name='action' value='grunion-contact-form' \/>\n\t\t<input type='hidden' name='contact-form-hash' value='95b6633dd53e87877f1e601234999611d689dbe1' \/>\n\t<\/p>\n<p style=\"display: none !important;\" class=\"akismet-fields-container\" data-prefix=\"ak_\"><label>&#916;<textarea name=\"ak_hp_textarea\" cols=\"45\" rows=\"8\" maxlength=\"100\"><\/textarea><\/label><input type=\"hidden\" id=\"ak_js_1\" name=\"ak_js\" value=\"4\"\/><script>document.getElementById( \"ak_js_1\" ).setAttribute( \"value\", ( new Date() ).getTime() );<\/script><\/p><\/form>\n<\/div>\n","protected":false},"excerpt":{"rendered":"<p>Desde j\u00e1 agradecemos o seu contacto.<\/p>\n","protected":false},"author":1,"featured_media":197,"parent":0,"menu_order":0,"comment_status":"closed","ping_status":"closed","template":"","meta":{"footnotes":""},"class_list":["post-36","page","type-page","status-publish","has-post-thumbnail","hentry"],"yoast_head":"<!-- This site is optimized with the Yoast SEO plugin v27.1.1 - https:\/\/yoast.com\/product\/yoast-seo-wordpress\/ -->\n<title>Contacto - Xcloset - Roupa e acess\u00f3rios em segunda m\u00e3o<\/title>\n<meta name=\"robots\" content=\"index, follow, max-snippet:-1, max-image-preview:large, max-video-preview:-1\" \/>\n<link rel=\"canonical\" href=\"https:\/\/xcloset.pt\/?page_id=36\" \/>\n<meta property=\"og:locale\" content=\"pt_PT\" \/>\n<meta property=\"og:type\" content=\"article\" \/>\n<meta property=\"og:title\" content=\"Contacto - Xcloset - Roupa e acess\u00f3rios em segunda m\u00e3o\" \/>\n<meta property=\"og:description\" content=\"Desde j\u00e1 agradecemos o seu contacto.\" \/>\n<meta property=\"og:url\" content=\"https:\/\/xcloset.pt\/?page_id=36\" \/>\n<meta property=\"og:site_name\" content=\"Xcloset - Roupa e acess\u00f3rios em segunda m\u00e3o\" \/>\n<meta property=\"article:publisher\" content=\"https:\/\/www.facebook.com\/xcloset.pt\" \/>\n<meta property=\"og:image\" content=\"https:\/\/xcloset.pt\/wp-content\/uploads\/2020\/09\/header_bck.png\" \/>\n\t<meta property=\"og:image:width\" content=\"620\" \/>\n\t<meta property=\"og:image:height\" content=\"295\" \/>\n\t<meta property=\"og:image:type\" content=\"image\/png\" \/>\n<meta name=\"twitter:card\" content=\"summary_large_image\" \/>\n<script type=\"application\/ld+json\" class=\"yoast-schema-graph\">{\"@context\":\"https:\/\/schema.org\",\"@graph\":[{\"@type\":\"WebPage\",\"@id\":\"https:\/\/xcloset.pt\/?page_id=36\",\"url\":\"https:\/\/xcloset.pt\/?page_id=36\",\"name\":\"Contacto - Xcloset - Roupa e acess\u00f3rios em segunda m\u00e3o\",\"isPartOf\":{\"@id\":\"https:\/\/xcloset.pt\/#website\"},\"primaryImageOfPage\":{\"@id\":\"https:\/\/xcloset.pt\/?page_id=36#primaryimage\"},\"image\":{\"@id\":\"https:\/\/xcloset.pt\/?page_id=36#primaryimage\"},\"thumbnailUrl\":\"https:\/\/i0.wp.com\/xcloset.pt\/wp-content\/uploads\/2020\/09\/header_bck.png?fit=620%2C295&ssl=1\",\"datePublished\":\"2017-02-11T13:10:18+00:00\",\"breadcrumb\":{\"@id\":\"https:\/\/xcloset.pt\/?page_id=36#breadcrumb\"},\"inLanguage\":\"pt-PT\",\"potentialAction\":[{\"@type\":\"ReadAction\",\"target\":[\"https:\/\/xcloset.pt\/?page_id=36\"]}]},{\"@type\":\"ImageObject\",\"inLanguage\":\"pt-PT\",\"@id\":\"https:\/\/xcloset.pt\/?page_id=36#primaryimage\",\"url\":\"https:\/\/i0.wp.com\/xcloset.pt\/wp-content\/uploads\/2020\/09\/header_bck.png?fit=620%2C295&ssl=1\",\"contentUrl\":\"https:\/\/i0.wp.com\/xcloset.pt\/wp-content\/uploads\/2020\/09\/header_bck.png?fit=620%2C295&ssl=1\",\"width\":620,\"height\":295},{\"@type\":\"BreadcrumbList\",\"@id\":\"https:\/\/xcloset.pt\/?page_id=36#breadcrumb\",\"itemListElement\":[{\"@type\":\"ListItem\",\"position\":1,\"name\":\"Home\",\"item\":\"https:\/\/xcloset.pt\/\"},{\"@type\":\"ListItem\",\"position\":2,\"name\":\"Contacto\"}]},{\"@type\":\"WebSite\",\"@id\":\"https:\/\/xcloset.pt\/#website\",\"url\":\"https:\/\/xcloset.pt\/\",\"name\":\"Xcloset - Roupa e acess\u00f3rios em segunda m\u00e3o\",\"description\":\"Na loja Xcloset encontra roupa e acess\u00f3rios de marca em segunda m\u00e3o. Todos os artigos s\u00e3o consignados e apresentam bom estado de conserva\u00e7\u00e3o.\",\"publisher\":{\"@id\":\"https:\/\/xcloset.pt\/#organization\"},\"potentialAction\":[{\"@type\":\"SearchAction\",\"target\":{\"@type\":\"EntryPoint\",\"urlTemplate\":\"https:\/\/xcloset.pt\/?s={search_term_string}\"},\"query-input\":{\"@type\":\"PropertyValueSpecification\",\"valueRequired\":true,\"valueName\":\"search_term_string\"}}],\"inLanguage\":\"pt-PT\"},{\"@type\":\"Organization\",\"@id\":\"https:\/\/xcloset.pt\/#organization\",\"name\":\"Xcloset.pt\",\"url\":\"https:\/\/xcloset.pt\/\",\"logo\":{\"@type\":\"ImageObject\",\"inLanguage\":\"pt-PT\",\"@id\":\"https:\/\/xcloset.pt\/#\/schema\/logo\/image\/\",\"url\":\"https:\/\/xcloset.pt\/wp-content\/uploads\/2020\/09\/cropped-wp-1486936078733-150x150-1.jpg\",\"contentUrl\":\"https:\/\/xcloset.pt\/wp-content\/uploads\/2020\/09\/cropped-wp-1486936078733-150x150-1.jpg\",\"width\":150,\"height\":150,\"caption\":\"Xcloset.pt\"},\"image\":{\"@id\":\"https:\/\/xcloset.pt\/#\/schema\/logo\/image\/\"},\"sameAs\":[\"https:\/\/www.facebook.com\/xcloset.pt\",\"https:\/\/www.instagram.com\/oficialxcloset\/\"]}]}<\/script>\n<!-- \/ Yoast SEO plugin. -->","yoast_head_json":{"title":"Contacto - Xcloset - Roupa e acess\u00f3rios em segunda m\u00e3o","robots":{"index":"index","follow":"follow","max-snippet":"max-snippet:-1","max-image-preview":"max-image-preview:large","max-video-preview":"max-video-preview:-1"},"canonical":"https:\/\/xcloset.pt\/?page_id=36","og_locale":"pt_PT","og_type":"article","og_title":"Contacto - Xcloset - Roupa e acess\u00f3rios em segunda m\u00e3o","og_description":"Desde j\u00e1 agradecemos o seu contacto.","og_url":"https:\/\/xcloset.pt\/?page_id=36","og_site_name":"Xcloset - Roupa e acess\u00f3rios em segunda m\u00e3o","article_publisher":"https:\/\/www.facebook.com\/xcloset.pt","og_image":[{"width":620,"height":295,"url":"https:\/\/xcloset.pt\/wp-content\/uploads\/2020\/09\/header_bck.png","type":"image\/png"}],"twitter_card":"summary_large_image","schema":{"@context":"https:\/\/schema.org","@graph":[{"@type":"WebPage","@id":"https:\/\/xcloset.pt\/?page_id=36","url":"https:\/\/xcloset.pt\/?page_id=36","name":"Contacto - Xcloset - Roupa e acess\u00f3rios em segunda m\u00e3o","isPartOf":{"@id":"https:\/\/xcloset.pt\/#website"},"primaryImageOfPage":{"@id":"https:\/\/xcloset.pt\/?page_id=36#primaryimage"},"image":{"@id":"https:\/\/xcloset.pt\/?page_id=36#primaryimage"},"thumbnailUrl":"https:\/\/i0.wp.com\/xcloset.pt\/wp-content\/uploads\/2020\/09\/header_bck.png?fit=620%2C295&ssl=1","datePublished":"2017-02-11T13:10:18+00:00","breadcrumb":{"@id":"https:\/\/xcloset.pt\/?page_id=36#breadcrumb"},"inLanguage":"pt-PT","potentialAction":[{"@type":"ReadAction","target":["https:\/\/xcloset.pt\/?page_id=36"]}]},{"@type":"ImageObject","inLanguage":"pt-PT","@id":"https:\/\/xcloset.pt\/?page_id=36#primaryimage","url":"https:\/\/i0.wp.com\/xcloset.pt\/wp-content\/uploads\/2020\/09\/header_bck.png?fit=620%2C295&ssl=1","contentUrl":"https:\/\/i0.wp.com\/xcloset.pt\/wp-content\/uploads\/2020\/09\/header_bck.png?fit=620%2C295&ssl=1","width":620,"height":295},{"@type":"BreadcrumbList","@id":"https:\/\/xcloset.pt\/?page_id=36#breadcrumb","itemListElement":[{"@type":"ListItem","position":1,"name":"Home","item":"https:\/\/xcloset.pt\/"},{"@type":"ListItem","position":2,"name":"Contacto"}]},{"@type":"WebSite","@id":"https:\/\/xcloset.pt\/#website","url":"https:\/\/xcloset.pt\/","name":"Xcloset - Roupa e acess\u00f3rios em segunda m\u00e3o","description":"Na loja Xcloset encontra roupa e acess\u00f3rios de marca em segunda m\u00e3o. Todos os artigos s\u00e3o consignados e apresentam bom estado de conserva\u00e7\u00e3o.","publisher":{"@id":"https:\/\/xcloset.pt\/#organization"},"potentialAction":[{"@type":"SearchAction","target":{"@type":"EntryPoint","urlTemplate":"https:\/\/xcloset.pt\/?s={search_term_string}"},"query-input":{"@type":"PropertyValueSpecification","valueRequired":true,"valueName":"search_term_string"}}],"inLanguage":"pt-PT"},{"@type":"Organization","@id":"https:\/\/xcloset.pt\/#organization","name":"Xcloset.pt","url":"https:\/\/xcloset.pt\/","logo":{"@type":"ImageObject","inLanguage":"pt-PT","@id":"https:\/\/xcloset.pt\/#\/schema\/logo\/image\/","url":"https:\/\/xcloset.pt\/wp-content\/uploads\/2020\/09\/cropped-wp-1486936078733-150x150-1.jpg","contentUrl":"https:\/\/xcloset.pt\/wp-content\/uploads\/2020\/09\/cropped-wp-1486936078733-150x150-1.jpg","width":150,"height":150,"caption":"Xcloset.pt"},"image":{"@id":"https:\/\/xcloset.pt\/#\/schema\/logo\/image\/"},"sameAs":["https:\/\/www.facebook.com\/xcloset.pt","https:\/\/www.instagram.com\/oficialxcloset\/"]}]}},"jetpack-related-posts":[],"jetpack_sharing_enabled":true,"jetpack_likes_enabled":true,"_links":{"self":[{"href":"https:\/\/xcloset.pt\/index.php?rest_route=\/wp\/v2\/pages\/36","targetHints":{"allow":["GET"]}}],"collection":[{"href":"https:\/\/xcloset.pt\/index.php?rest_route=\/wp\/v2\/pages"}],"about":[{"href":"https:\/\/xcloset.pt\/index.php?rest_route=\/wp\/v2\/types\/page"}],"author":[{"embeddable":true,"href":"https:\/\/xcloset.pt\/index.php?rest_route=\/wp\/v2\/users\/1"}],"replies":[{"embeddable":true,"href":"https:\/\/xcloset.pt\/index.php?rest_route=%2Fwp%2Fv2%2Fcomments&post=36"}],"version-history":[{"count":1,"href":"https:\/\/xcloset.pt\/index.php?rest_route=\/wp\/v2\/pages\/36\/revisions"}],"predecessor-version":[{"id":856,"href":"https:\/\/xcloset.pt\/index.php?rest_route=\/wp\/v2\/pages\/36\/revisions\/856"}],"wp:featuredmedia":[{"embeddable":true,"href":"https:\/\/xcloset.pt\/index.php?rest_route=\/wp\/v2\/media\/197"}],"wp:attachment":[{"href":"https:\/\/xcloset.pt\/index.php?rest_route=%2Fwp%2Fv2%2Fmedia&parent=36"}],"curies":[{"name":"wp","href":"https:\/\/api.w.org\/{rel}","templated":true}]}}