{"id":35,"date":"2017-02-11T13:10:18","date_gmt":"2017-02-11T13:10:18","guid":{"rendered":"https:\/\/xcloset.pt\/?page_id=35"},"modified":"2017-02-11T13:10:18","modified_gmt":"2017-02-11T13:10:18","slug":"sobre","status":"publish","type":"page","link":"https:\/\/xcloset.pt\/?page_id=35","title":{"rendered":"Sobre"},"content":{"rendered":"<p>A Xcloset \u00e9 o resultado da minha experi\u00eancia profissional acumulada no ramo do vestu\u00e1rio e acess\u00f3rios de moda.<\/p>\n<p>Este projecto tem como objectivos:<\/p>\n<ul>\n<li>Criar valor aos artigos que os fornecedores tem no seu <em>closet<\/em>.<\/li>\n<li>Dotar o <em>closet<\/em> dos clientes com artigos de marca a pre\u00e7os acess\u00edveis.<\/li>\n<li>Reduzir o consumo de mat\u00e9rias primas pela reutiliza\u00e7\u00e3o de artigos.<\/li>\n<\/ul>\n<p>O espa\u00e7o foi pensado para ser o interface entre <em>EX<\/em> e o <em>EXTRA<\/em>, onde o <em>X<\/em> marca o local, como nos filmes de aventura.<\/p>\n","protected":false},"excerpt":{"rendered":"<p>A Xcloset \u00e9 o resultado da minha experi\u00eancia profissional acumulada no ramo do vestu\u00e1rio e acess\u00f3rios de moda. Este projecto tem como objectivos: Criar valor aos artigos que os fornecedores tem no seu closet. Dotar o closet dos clientes com artigos de marca a pre\u00e7os acess\u00edveis. Reduzir o consumo de mat\u00e9rias primas pela reutiliza\u00e7\u00e3o de [&hellip;]<\/p>\n","protected":false},"author":1,"featured_media":98,"parent":0,"menu_order":0,"comment_status":"closed","ping_status":"closed","template":"","meta":{"footnotes":""},"class_list":["post-35","page","type-page","status-publish","has-post-thumbnail","hentry"],"yoast_head":"<!-- This site is optimized with the Yoast SEO plugin v27.1.1 - https:\/\/yoast.com\/product\/yoast-seo-wordpress\/ -->\n<title>Sobre - Xcloset - Roupa e acess\u00f3rios em segunda m\u00e3o<\/title>\n<meta name=\"robots\" content=\"index, follow, max-snippet:-1, max-image-preview:large, max-video-preview:-1\" \/>\n<link rel=\"canonical\" href=\"https:\/\/xcloset.pt\/?page_id=35\" \/>\n<meta property=\"og:locale\" content=\"pt_PT\" \/>\n<meta property=\"og:type\" content=\"article\" \/>\n<meta property=\"og:title\" content=\"Sobre - Xcloset - Roupa e acess\u00f3rios em segunda m\u00e3o\" \/>\n<meta property=\"og:description\" content=\"A Xcloset \u00e9 o resultado da minha experi\u00eancia profissional acumulada no ramo do vestu\u00e1rio e acess\u00f3rios de moda. Este projecto tem como objectivos: Criar valor aos artigos que os fornecedores tem no seu closet. Dotar o closet dos clientes com artigos de marca a pre\u00e7os acess\u00edveis. Reduzir o consumo de mat\u00e9rias primas pela reutiliza\u00e7\u00e3o de [&hellip;]\" \/>\n<meta property=\"og:url\" content=\"https:\/\/xcloset.pt\/?page_id=35\" \/>\n<meta property=\"og:site_name\" content=\"Xcloset - Roupa e acess\u00f3rios em segunda m\u00e3o\" \/>\n<meta property=\"article:publisher\" content=\"https:\/\/www.facebook.com\/xcloset.pt\" \/>\n<meta name=\"twitter:card\" content=\"summary_large_image\" \/>\n<script type=\"application\/ld+json\" class=\"yoast-schema-graph\">{\"@context\":\"https:\/\/schema.org\",\"@graph\":[{\"@type\":\"WebPage\",\"@id\":\"https:\/\/xcloset.pt\/?page_id=35\",\"url\":\"https:\/\/xcloset.pt\/?page_id=35\",\"name\":\"Sobre - Xcloset - Roupa e acess\u00f3rios em segunda m\u00e3o\",\"isPartOf\":{\"@id\":\"https:\/\/xcloset.pt\/#website\"},\"primaryImageOfPage\":{\"@id\":\"https:\/\/xcloset.pt\/?page_id=35#primaryimage\"},\"image\":{\"@id\":\"https:\/\/xcloset.pt\/?page_id=35#primaryimage\"},\"thumbnailUrl\":\"\",\"datePublished\":\"2017-02-11T13:10:18+00:00\",\"breadcrumb\":{\"@id\":\"https:\/\/xcloset.pt\/?page_id=35#breadcrumb\"},\"inLanguage\":\"pt-PT\",\"potentialAction\":[{\"@type\":\"ReadAction\",\"target\":[\"https:\/\/xcloset.pt\/?page_id=35\"]}]},{\"@type\":\"ImageObject\",\"inLanguage\":\"pt-PT\",\"@id\":\"https:\/\/xcloset.pt\/?page_id=35#primaryimage\",\"url\":\"\",\"contentUrl\":\"\"},{\"@type\":\"BreadcrumbList\",\"@id\":\"https:\/\/xcloset.pt\/?page_id=35#breadcrumb\",\"itemListElement\":[{\"@type\":\"ListItem\",\"position\":1,\"name\":\"Home\",\"item\":\"https:\/\/xcloset.pt\/\"},{\"@type\":\"ListItem\",\"position\":2,\"name\":\"Sobre\"}]},{\"@type\":\"WebSite\",\"@id\":\"https:\/\/xcloset.pt\/#website\",\"url\":\"https:\/\/xcloset.pt\/\",\"name\":\"Xcloset - Roupa e acess\u00f3rios em segunda m\u00e3o\",\"description\":\"Na loja Xcloset encontra roupa e acess\u00f3rios de marca em segunda m\u00e3o. Todos os artigos s\u00e3o consignados e apresentam bom estado de conserva\u00e7\u00e3o.\",\"publisher\":{\"@id\":\"https:\/\/xcloset.pt\/#organization\"},\"potentialAction\":[{\"@type\":\"SearchAction\",\"target\":{\"@type\":\"EntryPoint\",\"urlTemplate\":\"https:\/\/xcloset.pt\/?s={search_term_string}\"},\"query-input\":{\"@type\":\"PropertyValueSpecification\",\"valueRequired\":true,\"valueName\":\"search_term_string\"}}],\"inLanguage\":\"pt-PT\"},{\"@type\":\"Organization\",\"@id\":\"https:\/\/xcloset.pt\/#organization\",\"name\":\"Xcloset.pt\",\"url\":\"https:\/\/xcloset.pt\/\",\"logo\":{\"@type\":\"ImageObject\",\"inLanguage\":\"pt-PT\",\"@id\":\"https:\/\/xcloset.pt\/#\/schema\/logo\/image\/\",\"url\":\"https:\/\/xcloset.pt\/wp-content\/uploads\/2020\/09\/cropped-wp-1486936078733-150x150-1.jpg\",\"contentUrl\":\"https:\/\/xcloset.pt\/wp-content\/uploads\/2020\/09\/cropped-wp-1486936078733-150x150-1.jpg\",\"width\":150,\"height\":150,\"caption\":\"Xcloset.pt\"},\"image\":{\"@id\":\"https:\/\/xcloset.pt\/#\/schema\/logo\/image\/\"},\"sameAs\":[\"https:\/\/www.facebook.com\/xcloset.pt\",\"https:\/\/www.instagram.com\/oficialxcloset\/\"]}]}<\/script>\n<!-- \/ Yoast SEO plugin. -->","yoast_head_json":{"title":"Sobre - Xcloset - Roupa e acess\u00f3rios em segunda m\u00e3o","robots":{"index":"index","follow":"follow","max-snippet":"max-snippet:-1","max-image-preview":"max-image-preview:large","max-video-preview":"max-video-preview:-1"},"canonical":"https:\/\/xcloset.pt\/?page_id=35","og_locale":"pt_PT","og_type":"article","og_title":"Sobre - Xcloset - Roupa e acess\u00f3rios em segunda m\u00e3o","og_description":"A Xcloset \u00e9 o resultado da minha experi\u00eancia profissional acumulada no ramo do vestu\u00e1rio e acess\u00f3rios de moda. Este projecto tem como objectivos: Criar valor aos artigos que os fornecedores tem no seu closet. Dotar o closet dos clientes com artigos de marca a pre\u00e7os acess\u00edveis. Reduzir o consumo de mat\u00e9rias primas pela reutiliza\u00e7\u00e3o de [&hellip;]","og_url":"https:\/\/xcloset.pt\/?page_id=35","og_site_name":"Xcloset - Roupa e acess\u00f3rios em segunda m\u00e3o","article_publisher":"https:\/\/www.facebook.com\/xcloset.pt","twitter_card":"summary_large_image","schema":{"@context":"https:\/\/schema.org","@graph":[{"@type":"WebPage","@id":"https:\/\/xcloset.pt\/?page_id=35","url":"https:\/\/xcloset.pt\/?page_id=35","name":"Sobre - Xcloset - Roupa e acess\u00f3rios em segunda m\u00e3o","isPartOf":{"@id":"https:\/\/xcloset.pt\/#website"},"primaryImageOfPage":{"@id":"https:\/\/xcloset.pt\/?page_id=35#primaryimage"},"image":{"@id":"https:\/\/xcloset.pt\/?page_id=35#primaryimage"},"thumbnailUrl":"","datePublished":"2017-02-11T13:10:18+00:00","breadcrumb":{"@id":"https:\/\/xcloset.pt\/?page_id=35#breadcrumb"},"inLanguage":"pt-PT","potentialAction":[{"@type":"ReadAction","target":["https:\/\/xcloset.pt\/?page_id=35"]}]},{"@type":"ImageObject","inLanguage":"pt-PT","@id":"https:\/\/xcloset.pt\/?page_id=35#primaryimage","url":"","contentUrl":""},{"@type":"BreadcrumbList","@id":"https:\/\/xcloset.pt\/?page_id=35#breadcrumb","itemListElement":[{"@type":"ListItem","position":1,"name":"Home","item":"https:\/\/xcloset.pt\/"},{"@type":"ListItem","position":2,"name":"Sobre"}]},{"@type":"WebSite","@id":"https:\/\/xcloset.pt\/#website","url":"https:\/\/xcloset.pt\/","name":"Xcloset - Roupa e acess\u00f3rios em segunda m\u00e3o","description":"Na loja Xcloset encontra roupa e acess\u00f3rios de marca em segunda m\u00e3o. Todos os artigos s\u00e3o consignados e apresentam bom estado de conserva\u00e7\u00e3o.","publisher":{"@id":"https:\/\/xcloset.pt\/#organization"},"potentialAction":[{"@type":"SearchAction","target":{"@type":"EntryPoint","urlTemplate":"https:\/\/xcloset.pt\/?s={search_term_string}"},"query-input":{"@type":"PropertyValueSpecification","valueRequired":true,"valueName":"search_term_string"}}],"inLanguage":"pt-PT"},{"@type":"Organization","@id":"https:\/\/xcloset.pt\/#organization","name":"Xcloset.pt","url":"https:\/\/xcloset.pt\/","logo":{"@type":"ImageObject","inLanguage":"pt-PT","@id":"https:\/\/xcloset.pt\/#\/schema\/logo\/image\/","url":"https:\/\/xcloset.pt\/wp-content\/uploads\/2020\/09\/cropped-wp-1486936078733-150x150-1.jpg","contentUrl":"https:\/\/xcloset.pt\/wp-content\/uploads\/2020\/09\/cropped-wp-1486936078733-150x150-1.jpg","width":150,"height":150,"caption":"Xcloset.pt"},"image":{"@id":"https:\/\/xcloset.pt\/#\/schema\/logo\/image\/"},"sameAs":["https:\/\/www.facebook.com\/xcloset.pt","https:\/\/www.instagram.com\/oficialxcloset\/"]}]}},"jetpack-related-posts":[],"jetpack_sharing_enabled":true,"jetpack_likes_enabled":true,"_links":{"self":[{"href":"https:\/\/xcloset.pt\/index.php?rest_route=\/wp\/v2\/pages\/35","targetHints":{"allow":["GET"]}}],"collection":[{"href":"https:\/\/xcloset.pt\/index.php?rest_route=\/wp\/v2\/pages"}],"about":[{"href":"https:\/\/xcloset.pt\/index.php?rest_route=\/wp\/v2\/types\/page"}],"author":[{"embeddable":true,"href":"https:\/\/xcloset.pt\/index.php?rest_route=\/wp\/v2\/users\/1"}],"replies":[{"embeddable":true,"href":"https:\/\/xcloset.pt\/index.php?rest_route=%2Fwp%2Fv2%2Fcomments&post=35"}],"version-history":[{"count":0,"href":"https:\/\/xcloset.pt\/index.php?rest_route=\/wp\/v2\/pages\/35\/revisions"}],"wp:featuredmedia":[{"embeddable":true,"href":"https:\/\/xcloset.pt\/index.php?rest_route=\/"}],"wp:attachment":[{"href":"https:\/\/xcloset.pt\/index.php?rest_route=%2Fwp%2Fv2%2Fmedia&parent=35"}],"curies":[{"name":"wp","href":"https:\/\/api.w.org\/{rel}","templated":true}]}}