{"id":34,"date":"2017-02-11T13:10:18","date_gmt":"2017-02-11T13:10:18","guid":{"rendered":"https:\/\/xcloset.pt\/?page_id=34"},"modified":"2020-12-06T01:55:59","modified_gmt":"2020-12-06T01:55:59","slug":"inicio","status":"publish","type":"page","link":"https:\/\/xcloset.pt\/","title":{"rendered":"Bem vindo"},"content":{"rendered":"\t\t<div data-elementor-type=\"wp-page\" data-elementor-id=\"34\" class=\"elementor elementor-34\">\n\t\t\t\t\t\t<section class=\"elementor-section elementor-top-section elementor-element elementor-element-776d0a8e elementor-section-boxed elementor-section-height-default elementor-section-height-default\" data-id=\"776d0a8e\" data-element_type=\"section\" data-e-type=\"section\">\n\t\t\t\t\t\t<div class=\"elementor-container elementor-column-gap-default\">\n\t\t\t\t\t<div class=\"elementor-column elementor-col-100 elementor-top-column elementor-element elementor-element-711fcdd8\" data-id=\"711fcdd8\" data-element_type=\"column\" data-e-type=\"column\">\n\t\t\t<div class=\"elementor-widget-wrap elementor-element-populated\">\n\t\t\t\t\t\t<div class=\"elementor-element elementor-element-52bd104f elementor-widget elementor-widget-text-editor\" data-id=\"52bd104f\" data-element_type=\"widget\" data-e-type=\"widget\" data-widget_type=\"text-editor.default\">\n\t\t\t\t<div class=\"elementor-widget-container\">\n\t\t\t\t\t\t\t\t\tBem-vindo ao site da loja Xcloset.\n\nAqui vai encontrar tudo o que precisa saber para comprar e vender roupa e acess\u00f3rios em segunda m\u00e3o, assim como eventos e promo\u00e7\u00f5es neste espa\u00e7o situado em Campo de Ourique.\t\t\t\t\t\t\t\t<\/div>\n\t\t\t\t<\/div>\n\t\t\t\t<div class=\"elementor-element elementor-element-22e2cf0 elementor-widget elementor-widget-image\" data-id=\"22e2cf0\" data-element_type=\"widget\" data-e-type=\"widget\" data-widget_type=\"image.default\">\n\t\t\t\t<div class=\"elementor-widget-container\">\n\t\t\t\t\t\t\t\t\t\t\t\t\t\t\t<img fetchpriority=\"high\" decoding=\"async\" width=\"580\" height=\"173\" src=\"https:\/\/i0.wp.com\/xcloset.pt\/wp-content\/uploads\/2020\/12\/20200920_165000-scaled.jpg?fit=580%2C173&amp;ssl=1\" class=\"attachment-large size-large wp-image-215\" alt=\"\" srcset=\"https:\/\/i0.wp.com\/xcloset.pt\/wp-content\/uploads\/2020\/12\/20200920_165000-scaled.jpg?w=2560&amp;ssl=1 2560w, https:\/\/i0.wp.com\/xcloset.pt\/wp-content\/uploads\/2020\/12\/20200920_165000-scaled.jpg?resize=300%2C89&amp;ssl=1 300w, https:\/\/i0.wp.com\/xcloset.pt\/wp-content\/uploads\/2020\/12\/20200920_165000-scaled.jpg?resize=1024%2C305&amp;ssl=1 1024w, https:\/\/i0.wp.com\/xcloset.pt\/wp-content\/uploads\/2020\/12\/20200920_165000-scaled.jpg?resize=768%2C229&amp;ssl=1 768w, https:\/\/i0.wp.com\/xcloset.pt\/wp-content\/uploads\/2020\/12\/20200920_165000-scaled.jpg?resize=1536%2C458&amp;ssl=1 1536w, https:\/\/i0.wp.com\/xcloset.pt\/wp-content\/uploads\/2020\/12\/20200920_165000-scaled.jpg?resize=2048%2C611&amp;ssl=1 2048w, https:\/\/i0.wp.com\/xcloset.pt\/wp-content\/uploads\/2020\/12\/20200920_165000-scaled.jpg?resize=1200%2C358&amp;ssl=1 1200w, https:\/\/i0.wp.com\/xcloset.pt\/wp-content\/uploads\/2020\/12\/20200920_165000-scaled.jpg?resize=1980%2C590&amp;ssl=1 1980w, https:\/\/i0.wp.com\/xcloset.pt\/wp-content\/uploads\/2020\/12\/20200920_165000-scaled.jpg?w=1740&amp;ssl=1 1740w\" sizes=\"(max-width: 580px) 100vw, 580px\" \/>\t\t\t\t\t\t\t\t\t\t\t\t\t\t\t<\/div>\n\t\t\t\t<\/div>\n\t\t\t\t\t<\/div>\n\t\t<\/div>\n\t\t\t\t\t<\/div>\n\t\t<\/section>\n\t\t\t\t<\/div>\n\t\t","protected":false},"excerpt":{"rendered":"<p>Bem-vindo ao site da loja Xcloset. Aqui vai encontrar tudo o que precisa saber para comprar e vender roupa e acess\u00f3rios em segunda m\u00e3o, assim como eventos e promo\u00e7\u00f5es neste espa\u00e7o situado em Campo de Ourique.<\/p>\n","protected":false},"author":1,"featured_media":0,"parent":0,"menu_order":0,"comment_status":"closed","ping_status":"closed","template":"","meta":{"footnotes":""},"class_list":["post-34","page","type-page","status-publish","hentry"],"yoast_head":"<!-- This site is optimized with the Yoast SEO plugin v27.1.1 - https:\/\/yoast.com\/product\/yoast-seo-wordpress\/ -->\n<title>Bem vindo - Xcloset - Roupa e acess\u00f3rios em segunda m\u00e3o<\/title>\n<meta name=\"robots\" content=\"index, follow, max-snippet:-1, max-image-preview:large, max-video-preview:-1\" \/>\n<link rel=\"canonical\" href=\"https:\/\/xcloset.pt\/\" \/>\n<meta property=\"og:locale\" content=\"pt_PT\" \/>\n<meta property=\"og:type\" content=\"article\" \/>\n<meta property=\"og:title\" content=\"Bem vindo - Xcloset - Roupa e acess\u00f3rios em segunda m\u00e3o\" \/>\n<meta property=\"og:description\" content=\"Bem-vindo ao site da loja Xcloset. Aqui vai encontrar tudo o que precisa saber para comprar e vender roupa e acess\u00f3rios em segunda m\u00e3o, assim como eventos e promo\u00e7\u00f5es neste espa\u00e7o situado em Campo de Ourique.\" \/>\n<meta property=\"og:url\" content=\"https:\/\/xcloset.pt\/\" \/>\n<meta property=\"og:site_name\" content=\"Xcloset - Roupa e acess\u00f3rios em segunda m\u00e3o\" \/>\n<meta property=\"article:publisher\" content=\"https:\/\/www.facebook.com\/xcloset.pt\" \/>\n<meta property=\"article:modified_time\" content=\"2020-12-06T01:55:59+00:00\" \/>\n<meta property=\"og:image\" content=\"https:\/\/xcloset.pt\/wp-content\/uploads\/2020\/12\/20200920_165000-1024x305.jpg\" \/>\n<meta name=\"twitter:card\" content=\"summary_large_image\" \/>\n<script type=\"application\/ld+json\" class=\"yoast-schema-graph\">{\"@context\":\"https:\/\/schema.org\",\"@graph\":[{\"@type\":\"WebPage\",\"@id\":\"https:\/\/xcloset.pt\/\",\"url\":\"https:\/\/xcloset.pt\/\",\"name\":\"Bem vindo - Xcloset - Roupa e acess\u00f3rios em segunda m\u00e3o\",\"isPartOf\":{\"@id\":\"https:\/\/xcloset.pt\/#website\"},\"primaryImageOfPage\":{\"@id\":\"https:\/\/xcloset.pt\/#primaryimage\"},\"image\":{\"@id\":\"https:\/\/xcloset.pt\/#primaryimage\"},\"thumbnailUrl\":\"https:\/\/xcloset.pt\/wp-content\/uploads\/2020\/12\/20200920_165000-1024x305.jpg\",\"datePublished\":\"2017-02-11T13:10:18+00:00\",\"dateModified\":\"2020-12-06T01:55:59+00:00\",\"breadcrumb\":{\"@id\":\"https:\/\/xcloset.pt\/#breadcrumb\"},\"inLanguage\":\"pt-PT\",\"potentialAction\":[{\"@type\":\"ReadAction\",\"target\":[\"https:\/\/xcloset.pt\/\"]}]},{\"@type\":\"ImageObject\",\"inLanguage\":\"pt-PT\",\"@id\":\"https:\/\/xcloset.pt\/#primaryimage\",\"url\":\"https:\/\/i0.wp.com\/xcloset.pt\/wp-content\/uploads\/2020\/12\/20200920_165000-scaled.jpg?fit=2560%2C763&ssl=1\",\"contentUrl\":\"https:\/\/i0.wp.com\/xcloset.pt\/wp-content\/uploads\/2020\/12\/20200920_165000-scaled.jpg?fit=2560%2C763&ssl=1\",\"width\":2560,\"height\":763},{\"@type\":\"BreadcrumbList\",\"@id\":\"https:\/\/xcloset.pt\/#breadcrumb\",\"itemListElement\":[{\"@type\":\"ListItem\",\"position\":1,\"name\":\"Home\",\"item\":\"https:\/\/xcloset.pt\/\"},{\"@type\":\"ListItem\",\"position\":2,\"name\":\"Bem vindo\"}]},{\"@type\":\"WebSite\",\"@id\":\"https:\/\/xcloset.pt\/#website\",\"url\":\"https:\/\/xcloset.pt\/\",\"name\":\"Xcloset - Roupa e acess\u00f3rios em segunda m\u00e3o\",\"description\":\"Na loja Xcloset encontra roupa e acess\u00f3rios de marca em segunda m\u00e3o. Todos os artigos s\u00e3o consignados e apresentam bom estado de conserva\u00e7\u00e3o.\",\"publisher\":{\"@id\":\"https:\/\/xcloset.pt\/#organization\"},\"potentialAction\":[{\"@type\":\"SearchAction\",\"target\":{\"@type\":\"EntryPoint\",\"urlTemplate\":\"https:\/\/xcloset.pt\/?s={search_term_string}\"},\"query-input\":{\"@type\":\"PropertyValueSpecification\",\"valueRequired\":true,\"valueName\":\"search_term_string\"}}],\"inLanguage\":\"pt-PT\"},{\"@type\":\"Organization\",\"@id\":\"https:\/\/xcloset.pt\/#organization\",\"name\":\"Xcloset.pt\",\"url\":\"https:\/\/xcloset.pt\/\",\"logo\":{\"@type\":\"ImageObject\",\"inLanguage\":\"pt-PT\",\"@id\":\"https:\/\/xcloset.pt\/#\/schema\/logo\/image\/\",\"url\":\"https:\/\/xcloset.pt\/wp-content\/uploads\/2020\/09\/cropped-wp-1486936078733-150x150-1.jpg\",\"contentUrl\":\"https:\/\/xcloset.pt\/wp-content\/uploads\/2020\/09\/cropped-wp-1486936078733-150x150-1.jpg\",\"width\":150,\"height\":150,\"caption\":\"Xcloset.pt\"},\"image\":{\"@id\":\"https:\/\/xcloset.pt\/#\/schema\/logo\/image\/\"},\"sameAs\":[\"https:\/\/www.facebook.com\/xcloset.pt\",\"https:\/\/www.instagram.com\/oficialxcloset\/\"]}]}<\/script>\n<!-- \/ Yoast SEO plugin. -->","yoast_head_json":{"title":"Bem vindo - Xcloset - Roupa e acess\u00f3rios em segunda m\u00e3o","robots":{"index":"index","follow":"follow","max-snippet":"max-snippet:-1","max-image-preview":"max-image-preview:large","max-video-preview":"max-video-preview:-1"},"canonical":"https:\/\/xcloset.pt\/","og_locale":"pt_PT","og_type":"article","og_title":"Bem vindo - Xcloset - Roupa e acess\u00f3rios em segunda m\u00e3o","og_description":"Bem-vindo ao site da loja Xcloset. Aqui vai encontrar tudo o que precisa saber para comprar e vender roupa e acess\u00f3rios em segunda m\u00e3o, assim como eventos e promo\u00e7\u00f5es neste espa\u00e7o situado em Campo de Ourique.","og_url":"https:\/\/xcloset.pt\/","og_site_name":"Xcloset - Roupa e acess\u00f3rios em segunda m\u00e3o","article_publisher":"https:\/\/www.facebook.com\/xcloset.pt","article_modified_time":"2020-12-06T01:55:59+00:00","og_image":[{"url":"https:\/\/xcloset.pt\/wp-content\/uploads\/2020\/12\/20200920_165000-1024x305.jpg","type":"","width":"","height":""}],"twitter_card":"summary_large_image","schema":{"@context":"https:\/\/schema.org","@graph":[{"@type":"WebPage","@id":"https:\/\/xcloset.pt\/","url":"https:\/\/xcloset.pt\/","name":"Bem vindo - Xcloset - Roupa e acess\u00f3rios em segunda m\u00e3o","isPartOf":{"@id":"https:\/\/xcloset.pt\/#website"},"primaryImageOfPage":{"@id":"https:\/\/xcloset.pt\/#primaryimage"},"image":{"@id":"https:\/\/xcloset.pt\/#primaryimage"},"thumbnailUrl":"https:\/\/xcloset.pt\/wp-content\/uploads\/2020\/12\/20200920_165000-1024x305.jpg","datePublished":"2017-02-11T13:10:18+00:00","dateModified":"2020-12-06T01:55:59+00:00","breadcrumb":{"@id":"https:\/\/xcloset.pt\/#breadcrumb"},"inLanguage":"pt-PT","potentialAction":[{"@type":"ReadAction","target":["https:\/\/xcloset.pt\/"]}]},{"@type":"ImageObject","inLanguage":"pt-PT","@id":"https:\/\/xcloset.pt\/#primaryimage","url":"https:\/\/i0.wp.com\/xcloset.pt\/wp-content\/uploads\/2020\/12\/20200920_165000-scaled.jpg?fit=2560%2C763&ssl=1","contentUrl":"https:\/\/i0.wp.com\/xcloset.pt\/wp-content\/uploads\/2020\/12\/20200920_165000-scaled.jpg?fit=2560%2C763&ssl=1","width":2560,"height":763},{"@type":"BreadcrumbList","@id":"https:\/\/xcloset.pt\/#breadcrumb","itemListElement":[{"@type":"ListItem","position":1,"name":"Home","item":"https:\/\/xcloset.pt\/"},{"@type":"ListItem","position":2,"name":"Bem vindo"}]},{"@type":"WebSite","@id":"https:\/\/xcloset.pt\/#website","url":"https:\/\/xcloset.pt\/","name":"Xcloset - Roupa e acess\u00f3rios em segunda m\u00e3o","description":"Na loja Xcloset encontra roupa e acess\u00f3rios de marca em segunda m\u00e3o. Todos os artigos s\u00e3o consignados e apresentam bom estado de conserva\u00e7\u00e3o.","publisher":{"@id":"https:\/\/xcloset.pt\/#organization"},"potentialAction":[{"@type":"SearchAction","target":{"@type":"EntryPoint","urlTemplate":"https:\/\/xcloset.pt\/?s={search_term_string}"},"query-input":{"@type":"PropertyValueSpecification","valueRequired":true,"valueName":"search_term_string"}}],"inLanguage":"pt-PT"},{"@type":"Organization","@id":"https:\/\/xcloset.pt\/#organization","name":"Xcloset.pt","url":"https:\/\/xcloset.pt\/","logo":{"@type":"ImageObject","inLanguage":"pt-PT","@id":"https:\/\/xcloset.pt\/#\/schema\/logo\/image\/","url":"https:\/\/xcloset.pt\/wp-content\/uploads\/2020\/09\/cropped-wp-1486936078733-150x150-1.jpg","contentUrl":"https:\/\/xcloset.pt\/wp-content\/uploads\/2020\/09\/cropped-wp-1486936078733-150x150-1.jpg","width":150,"height":150,"caption":"Xcloset.pt"},"image":{"@id":"https:\/\/xcloset.pt\/#\/schema\/logo\/image\/"},"sameAs":["https:\/\/www.facebook.com\/xcloset.pt","https:\/\/www.instagram.com\/oficialxcloset\/"]}]}},"jetpack-related-posts":[],"jetpack_sharing_enabled":true,"jetpack_likes_enabled":true,"_links":{"self":[{"href":"https:\/\/xcloset.pt\/index.php?rest_route=\/wp\/v2\/pages\/34","targetHints":{"allow":["GET"]}}],"collection":[{"href":"https:\/\/xcloset.pt\/index.php?rest_route=\/wp\/v2\/pages"}],"about":[{"href":"https:\/\/xcloset.pt\/index.php?rest_route=\/wp\/v2\/types\/page"}],"author":[{"embeddable":true,"href":"https:\/\/xcloset.pt\/index.php?rest_route=\/wp\/v2\/users\/1"}],"replies":[{"embeddable":true,"href":"https:\/\/xcloset.pt\/index.php?rest_route=%2Fwp%2Fv2%2Fcomments&post=34"}],"version-history":[{"count":7,"href":"https:\/\/xcloset.pt\/index.php?rest_route=\/wp\/v2\/pages\/34\/revisions"}],"predecessor-version":[{"id":219,"href":"https:\/\/xcloset.pt\/index.php?rest_route=\/wp\/v2\/pages\/34\/revisions\/219"}],"wp:attachment":[{"href":"https:\/\/xcloset.pt\/index.php?rest_route=%2Fwp%2Fv2%2Fmedia&parent=34"}],"curies":[{"name":"wp","href":"https:\/\/api.w.org\/{rel}","templated":true}]}}