{"id":1588,"date":"2025-10-07T00:32:10","date_gmt":"2025-10-07T00:32:10","guid":{"rendered":"https:\/\/xcloset.pt\/?page_id=1588"},"modified":"2025-10-07T00:32:10","modified_gmt":"2025-10-07T00:32:10","slug":"clients","status":"publish","type":"page","link":"https:\/\/xcloset.pt\/?page_id=1588","title":{"rendered":"Client Portal"},"content":{"rendered":"<div id=\"zbs-main\" class=\"alignwide zbs-site-main\">\n\t<div class=\"zbs-client-portal-wrap main site-main zbs-post zbs-hentry\">\n\n\t\t\t\t<div class=\"container zbs-portal-login\" style=\"margin-top:20px;text-align:center;\">\n\t\t\t<h2>Welcome to your Client Portal<\/h2> \n\t\t\t<p>Please login to your Client Portal to be able to view your documents<\/p>\n\t\t\t<div class=\"login-form\">\n\t\t\t\t<form name=\"loginform\" id=\"loginform\" action=\"https:\/\/xcloset.pt\/wp-login.php\" method=\"post\"><p class=\"login-username\">\n\t\t\t\t<label for=\"user_login\">Email Address<\/label>\n\t\t\t\t<input type=\"text\" name=\"log\" id=\"user_login\" autocomplete=\"username\" class=\"input\" value=\"\" size=\"20\" \/>\n\t\t\t<\/p><p class=\"login-password\">\n\t\t\t\t<label for=\"user_pass\">Password<\/label>\n\t\t\t\t<input type=\"password\" name=\"pwd\" id=\"user_pass\" autocomplete=\"current-password\" spellcheck=\"false\" class=\"input\" value=\"\" size=\"20\" \/>\n\t\t\t<\/p><p class=\"login-remember\"><label><input name=\"rememberme\" type=\"checkbox\" id=\"rememberme\" value=\"forever\" \/> Remember Me<\/label><\/p><p class=\"login-submit\">\n\t\t\t\t<input type=\"submit\" name=\"wp-submit\" id=\"wp-submit\" class=\"button button-primary\" value=\"Log In\" \/>\n\t\t\t\t<input type=\"hidden\" name=\"redirect_to\" value=\"https:\/\/xcloset.pt\/?page_id=1588\" \/>\n\t\t\t<\/p><input type=\"hidden\" name=\"fromzbslogin\" value=\"1\" \/><\/form>\t\t\t\t<a href=\"https:\/\/xcloset.pt\/wp-login.php?action=lostpassword&#038;redirect_to=https%3A%2F%2Fxcloset.pt%2F%3Fpage_id%3D1588\" alt=\"Lost Password\">Lost Password<\/a>\n\t\t\t<\/div>\n\t\t<\/div>\n\t\t\t<\/div>\n<\/div>\n\n","protected":false},"excerpt":{"rendered":"","protected":false},"author":1,"featured_media":0,"parent":0,"menu_order":0,"comment_status":"closed","ping_status":"closed","template":"","meta":{"footnotes":""},"class_list":["post-1588","page","type-page","status-publish","hentry"],"yoast_head":"<!-- This site is optimized with the Yoast SEO plugin v27.1.1 - https:\/\/yoast.com\/product\/yoast-seo-wordpress\/ -->\n<title>Client Portal - Xcloset - Roupa e acess\u00f3rios em segunda m\u00e3o<\/title>\n<meta name=\"robots\" content=\"index, follow, max-snippet:-1, max-image-preview:large, max-video-preview:-1\" \/>\n<link rel=\"canonical\" href=\"https:\/\/xcloset.pt\/?page_id=1588\" \/>\n<meta property=\"og:locale\" content=\"pt_PT\" \/>\n<meta property=\"og:type\" content=\"article\" \/>\n<meta property=\"og:title\" content=\"Client Portal - Xcloset - Roupa e acess\u00f3rios em segunda m\u00e3o\" \/>\n<meta property=\"og:url\" content=\"https:\/\/xcloset.pt\/?page_id=1588\" \/>\n<meta property=\"og:site_name\" content=\"Xcloset - Roupa e acess\u00f3rios em segunda m\u00e3o\" \/>\n<meta property=\"article:publisher\" content=\"https:\/\/www.facebook.com\/xcloset.pt\" \/>\n<meta name=\"twitter:card\" content=\"summary_large_image\" \/>\n<script type=\"application\/ld+json\" class=\"yoast-schema-graph\">{\"@context\":\"https:\/\/schema.org\",\"@graph\":[{\"@type\":\"WebPage\",\"@id\":\"https:\/\/xcloset.pt\/?page_id=1588\",\"url\":\"https:\/\/xcloset.pt\/?page_id=1588\",\"name\":\"Client Portal - Xcloset - Roupa e acess\u00f3rios em segunda m\u00e3o\",\"isPartOf\":{\"@id\":\"https:\/\/xcloset.pt\/#website\"},\"datePublished\":\"2025-10-07T00:32:10+00:00\",\"breadcrumb\":{\"@id\":\"https:\/\/xcloset.pt\/?page_id=1588#breadcrumb\"},\"inLanguage\":\"pt-PT\",\"potentialAction\":[{\"@type\":\"ReadAction\",\"target\":[\"https:\/\/xcloset.pt\/?page_id=1588\"]}]},{\"@type\":\"BreadcrumbList\",\"@id\":\"https:\/\/xcloset.pt\/?page_id=1588#breadcrumb\",\"itemListElement\":[{\"@type\":\"ListItem\",\"position\":1,\"name\":\"Home\",\"item\":\"https:\/\/xcloset.pt\/\"},{\"@type\":\"ListItem\",\"position\":2,\"name\":\"Client Portal\"}]},{\"@type\":\"WebSite\",\"@id\":\"https:\/\/xcloset.pt\/#website\",\"url\":\"https:\/\/xcloset.pt\/\",\"name\":\"Xcloset - Roupa e acess\u00f3rios em segunda m\u00e3o\",\"description\":\"Na loja Xcloset encontra roupa e acess\u00f3rios de marca em segunda m\u00e3o. Todos os artigos s\u00e3o consignados e apresentam bom estado de conserva\u00e7\u00e3o.\",\"publisher\":{\"@id\":\"https:\/\/xcloset.pt\/#organization\"},\"potentialAction\":[{\"@type\":\"SearchAction\",\"target\":{\"@type\":\"EntryPoint\",\"urlTemplate\":\"https:\/\/xcloset.pt\/?s={search_term_string}\"},\"query-input\":{\"@type\":\"PropertyValueSpecification\",\"valueRequired\":true,\"valueName\":\"search_term_string\"}}],\"inLanguage\":\"pt-PT\"},{\"@type\":\"Organization\",\"@id\":\"https:\/\/xcloset.pt\/#organization\",\"name\":\"Xcloset.pt\",\"url\":\"https:\/\/xcloset.pt\/\",\"logo\":{\"@type\":\"ImageObject\",\"inLanguage\":\"pt-PT\",\"@id\":\"https:\/\/xcloset.pt\/#\/schema\/logo\/image\/\",\"url\":\"https:\/\/xcloset.pt\/wp-content\/uploads\/2020\/09\/cropped-wp-1486936078733-150x150-1.jpg\",\"contentUrl\":\"https:\/\/xcloset.pt\/wp-content\/uploads\/2020\/09\/cropped-wp-1486936078733-150x150-1.jpg\",\"width\":150,\"height\":150,\"caption\":\"Xcloset.pt\"},\"image\":{\"@id\":\"https:\/\/xcloset.pt\/#\/schema\/logo\/image\/\"},\"sameAs\":[\"https:\/\/www.facebook.com\/xcloset.pt\",\"https:\/\/www.instagram.com\/oficialxcloset\/\"]}]}<\/script>\n<!-- \/ Yoast SEO plugin. -->","yoast_head_json":{"title":"Client Portal - Xcloset - Roupa e acess\u00f3rios em segunda m\u00e3o","robots":{"index":"index","follow":"follow","max-snippet":"max-snippet:-1","max-image-preview":"max-image-preview:large","max-video-preview":"max-video-preview:-1"},"canonical":"https:\/\/xcloset.pt\/?page_id=1588","og_locale":"pt_PT","og_type":"article","og_title":"Client Portal - Xcloset - Roupa e acess\u00f3rios em segunda m\u00e3o","og_url":"https:\/\/xcloset.pt\/?page_id=1588","og_site_name":"Xcloset - Roupa e acess\u00f3rios em segunda m\u00e3o","article_publisher":"https:\/\/www.facebook.com\/xcloset.pt","twitter_card":"summary_large_image","schema":{"@context":"https:\/\/schema.org","@graph":[{"@type":"WebPage","@id":"https:\/\/xcloset.pt\/?page_id=1588","url":"https:\/\/xcloset.pt\/?page_id=1588","name":"Client Portal - Xcloset - Roupa e acess\u00f3rios em segunda m\u00e3o","isPartOf":{"@id":"https:\/\/xcloset.pt\/#website"},"datePublished":"2025-10-07T00:32:10+00:00","breadcrumb":{"@id":"https:\/\/xcloset.pt\/?page_id=1588#breadcrumb"},"inLanguage":"pt-PT","potentialAction":[{"@type":"ReadAction","target":["https:\/\/xcloset.pt\/?page_id=1588"]}]},{"@type":"BreadcrumbList","@id":"https:\/\/xcloset.pt\/?page_id=1588#breadcrumb","itemListElement":[{"@type":"ListItem","position":1,"name":"Home","item":"https:\/\/xcloset.pt\/"},{"@type":"ListItem","position":2,"name":"Client Portal"}]},{"@type":"WebSite","@id":"https:\/\/xcloset.pt\/#website","url":"https:\/\/xcloset.pt\/","name":"Xcloset - Roupa e acess\u00f3rios em segunda m\u00e3o","description":"Na loja Xcloset encontra roupa e acess\u00f3rios de marca em segunda m\u00e3o. Todos os artigos s\u00e3o consignados e apresentam bom estado de conserva\u00e7\u00e3o.","publisher":{"@id":"https:\/\/xcloset.pt\/#organization"},"potentialAction":[{"@type":"SearchAction","target":{"@type":"EntryPoint","urlTemplate":"https:\/\/xcloset.pt\/?s={search_term_string}"},"query-input":{"@type":"PropertyValueSpecification","valueRequired":true,"valueName":"search_term_string"}}],"inLanguage":"pt-PT"},{"@type":"Organization","@id":"https:\/\/xcloset.pt\/#organization","name":"Xcloset.pt","url":"https:\/\/xcloset.pt\/","logo":{"@type":"ImageObject","inLanguage":"pt-PT","@id":"https:\/\/xcloset.pt\/#\/schema\/logo\/image\/","url":"https:\/\/xcloset.pt\/wp-content\/uploads\/2020\/09\/cropped-wp-1486936078733-150x150-1.jpg","contentUrl":"https:\/\/xcloset.pt\/wp-content\/uploads\/2020\/09\/cropped-wp-1486936078733-150x150-1.jpg","width":150,"height":150,"caption":"Xcloset.pt"},"image":{"@id":"https:\/\/xcloset.pt\/#\/schema\/logo\/image\/"},"sameAs":["https:\/\/www.facebook.com\/xcloset.pt","https:\/\/www.instagram.com\/oficialxcloset\/"]}]}},"jetpack-related-posts":[],"jetpack_sharing_enabled":true,"jetpack_likes_enabled":true,"_links":{"self":[{"href":"https:\/\/xcloset.pt\/index.php?rest_route=\/wp\/v2\/pages\/1588","targetHints":{"allow":["GET"]}}],"collection":[{"href":"https:\/\/xcloset.pt\/index.php?rest_route=\/wp\/v2\/pages"}],"about":[{"href":"https:\/\/xcloset.pt\/index.php?rest_route=\/wp\/v2\/types\/page"}],"author":[{"embeddable":true,"href":"https:\/\/xcloset.pt\/index.php?rest_route=\/wp\/v2\/users\/1"}],"replies":[{"embeddable":true,"href":"https:\/\/xcloset.pt\/index.php?rest_route=%2Fwp%2Fv2%2Fcomments&post=1588"}],"version-history":[{"count":0,"href":"https:\/\/xcloset.pt\/index.php?rest_route=\/wp\/v2\/pages\/1588\/revisions"}],"wp:attachment":[{"href":"https:\/\/xcloset.pt\/index.php?rest_route=%2Fwp%2Fv2%2Fmedia&parent=1588"}],"curies":[{"name":"wp","href":"https:\/\/api.w.org\/{rel}","templated":true}]}}